{"id":37,"date":"2022-04-22T20:15:01","date_gmt":"2022-04-22T20:15:01","guid":{"rendered":"https:\/\/praxisgundheim.de\/?page_id=37"},"modified":"2022-04-26T18:23:56","modified_gmt":"2022-04-26T16:23:56","slug":"datenschutz-2","status":"publish","type":"page","link":"https:\/\/praxisgundheim.de\/home\/?page_id=37","title":{"rendered":"Datenschutzerkl\u00e4rung"},"content":{"rendered":"\n<h1 class=\"wp-block-heading\">\u200b<\/h1>\n\n\n\n<p>Sehr geehrte Damen und Herren, sehr geehrte Patientinnen und Patienten,<\/p>\n\n\n\n<p>der Schutz Ihrer personenbezogenen Daten ist mir wichtig. Nach der EU-Datenschutzgrundverordnung (DSGVO), Bundesdatenschutzgesetz (BDSG) und Telemediengesetz (TMG) bin ich verpflichtet, Sie dar\u00fcber zu informieren, zu welchem Zweck auf meiner Homepage personenbezogene Daten erhoben und verwendet werden, auf welche Art dies geschieht und welchen Umfang dies hat. Dieser Information k\u00f6nnen Sie auch entnehmen, welche Rechte Sie hinsichtlich des Datenschutzes haben. Diese Datenschutzerkl\u00e4rung bezieht sich auf mein Internetangebot. Sie bezieht sich ausdr\u00fccklich nicht auf das Behandlungsverh\u00e4ltnis. Hier werden Sie bei Besuch der Praxis gesondert informiert.<\/p>\n\n\n\n<p>\u200b<\/p>\n\n\n\n<h4 class=\"wp-block-heading\">Verantwortlicher im Sinne der Datenschutzgesetze, insbesondere der EU-Datenschutzgrundlage (DSGVO), ist:<\/h4>\n\n\n\n<p><strong>Verantwortliche Stelle f\u00fcr die Erhebung und Verarbeitung personenbezogener Daten von Kunden und Ansprechpartnern bei Kunden ist:<\/strong><\/p>\n\n\n\n<h6 class=\"has-small-font-size wp-block-heading\" style=\"text-transform:capitalize\">Viktor Cernovski<br>Tel: 06244\/907750<br>Greifenklaustr. 31<br>67599 Gundheim<br>praxis.cernovski@t-online.de<\/h6>\n\n\n\n<h3 class=\"wp-block-heading\"><strong>\u200b<\/strong><br>Datenverarbeitung:<\/h3>\n\n\n\n<p>Die Seite www.praxisgundheim.de ist besuchbar, ohne Angaben zu Ihrer Person zu machen.<\/p>\n\n\n\n<p><strong>Website Cookies:<\/strong><\/p>\n\n\n\n<p>Unsere Seiten verwenden ausschlie\u00dflich Notwendige-Cookies f\u00fcr den\u00a0Betrieb der Homepage, keine Pr\u00e4ferenz-Cookies, Statistik-Cookies, Marketing-Cookies oder Tracking-Mechanismen.<\/p>\n\n\n\n<p><strong>Logdatei beim Webseitenbesuch:<\/strong><\/p>\n\n\n\n<p>STRATO AG protokolliert Ihren Besuch auf unserer Webseite. Dabei werden die folgenden Daten verarbeitet: <br>Name der jeweils abgerufenen Webseite, http Status-\/Fehler-Code, Datum und Uhrzeit des Abrufs, die \u00fcbertragene Datenmenge, der Browsertyp nebst Version, das von Ihnen genutzte Betriebssystem, die Referrer-URL (die zuvor besuchte Webseite), Ihre IP-Adresse und der anfragende Provider.<br>Eine Speicherung der IP-Adresse findet nur in anonymisierter Form statt. Den Administratoren des Rechenzentrums ist ein Zugriff auf die echten, unver\u00e4nderten IP-Adressen f\u00fcr sieben Tage m\u00f6glich, um diese z.B. zur Strafverfolgung an Beh\u00f6rden weitergeben zu k\u00f6nnen. Die Logfiles werden nach 14 Tagen gel\u00f6scht, es sei denn, dass diese zur Aufkl\u00e4rung oder zum Nachweis konkreter Rechtsverletzungen, die innerhalb der Aufbewahrungsfrist bekannt geworden sind, ben\u00f6tigt werden.<br>Die Datenverarbeitung findet aufgrund unserer berechtigten Interessen an der Gew\u00e4hrleistung der Sicherheit unserer Webseite gem\u00e4\u00df&nbsp;<em>Art. 6 Abs. 1 f) DSGVO<\/em>&nbsp;statt.<\/p>\n\n\n\n<p>\u200b<\/p>\n\n\n\n<p><strong>Kontaktaufnahme :<\/strong><br>Sofern Sie mit uns Kontakt aufnehmen (e-mail\/Fax), werden Ihre Daten (Name, Kontaktdaten, sofern von Ihnen angegeben) und Ihre Nachricht ausschlie\u00dflich zum Zwecke der Bearbeitung und Abwicklung Ihrer Anfrage verarbeitet. Diese Daten werden von uns auf der Grundlage des&nbsp;<em>Art. 6 Abs. 1 b) DSGVO&nbsp;<\/em>zur Vertragserf\u00fcllung und\/oder zur Erf\u00fcllung unserer vorvertraglichen Pflichten oder aufgrund unserer berechtigten Interessen gem\u00e4\u00df&nbsp;<em>Art. 6 Abs. 1 f) DSGVO<\/em>&nbsp;zur Abwicklung Ihrer Anfrage verarbeitet.<\/p>\n\n\n\n<p>\u200b<\/p>\n\n\n\n<h3 class=\"wp-block-heading\">Kommunikation mit uns:<\/h3>\n\n\n\n<p>Eine Kommunikation mit unsere Praxis ist \u00fcber unsere Emailadresse <strong>praxis.cernovski@t-online.de<\/strong> m\u00f6glich, sie k\u00f6nnen mittels Email auch Rezepte und \u00dcberweisungen vorbestellen. Wenn sie dies tun, werden die Mails nach Bearbeitung durch unsere Medizinischen Fachangestellten gel\u00f6scht.<\/p>\n\n\n\n<p>Eine Terminvereinbarung per Email ist nicht m\u00f6glich.<\/p>\n\n\n\n<p>Grunds\u00e4tzlich k\u00f6nnen Sie nat\u00fcrlich jederzeit auf anderem Wege (Telefon, Fax und auch pers\u00f6nlich) mit uns in Kontakt treten.<\/p>\n\n\n\n<p><\/p>\n\n\n\n<h3 class=\"wp-block-heading\">Ihre Rechte:<\/h3>\n\n\n\n<p>Sie haben das Recht, \u00fcber die Sie betreffenden personenbezogenen Daten Auskunft zu erhalten. Auch k\u00f6nnen Sie die Berichtigung unrichtiger Daten verlangen.<\/p>\n\n\n\n<p><br>Dar\u00fcber hinaus steht Ihnen unter bestimmten Voraussetzungen das Recht auf L\u00f6schung von Daten, das Recht auf Einschr\u00e4nkung der Datenverarbeitung sowie das Recht auf Daten\u00fcbertragbarkeit zu.<\/p>\n\n\n\n<p><br>Die Verarbeitung Ihrer Daten erfolgt auf Basis von gesetzlichen Regelungen. Nur in Ausnahmef\u00e4llen ben\u00f6tigen wir Ihr Einverst\u00e4ndnis. In diesen F\u00e4llen haben Sie das Recht, die Einwilligung f\u00fcr die zuk\u00fcnftige Verarbeitung zu widerrufen.<\/p>\n\n\n\n<p><br>Sie haben ferner das Recht, sich bei der zust\u00e4ndigen Aufsichtsbeh\u00f6rde f\u00fcr den Datenschutz zu beschweren, wenn Sie der Ansicht sind, dass die Verarbeitung Ihrer personenbezogenen Daten nicht rechtm\u00e4\u00dfig erfolgt.<\/p>\n\n\n\n<p><br>Die Anschrift der f\u00fcr uns zust\u00e4ndigen Aufsichtsbeh\u00f6rde lautet:<br>Name: Der Landesbeauftragte f\u00fcr den Datenschutz Rheinland-Pfalz<br>Anschrift: Deutschhausplatz 12, 55116 Mainz, Postfach 30 40, 55020 Mainz<br><\/p>\n\n\n\n<h3 class=\"wp-block-heading\">Rechtsgrundlage<\/h3>\n\n\n\n<p>Rechtsgrundlage f\u00fcr die Verarbeitung Ihrer Daten ist Artikel 6 Absatz 1 Satz 1 DSGVO. Sollten Sie Fragen haben, k\u00f6nnen Sie sich gern an mich (siehe unter Ziff. 1.) wenden.<\/p>\n\n\n\n<p>\u200b<\/p>\n\n\n\n<p>\u200b<\/p>\n\n\n\n<p>\u200b<\/p>\n\n\n\n<p>\u200b<\/p>\n","protected":false},"excerpt":{"rendered":"<p>\u200b Sehr geehrte Damen und Herren, sehr geehrte Patientinnen und Patienten, der Schutz Ihrer personenbezogenen Daten ist mir wichtig. Nach der EU-Datenschutzgrundverordnung (DSGVO), Bundesdatenschutzgesetz (BDSG) und Telemediengesetz (TMG) bin ich verpflichtet, Sie dar\u00fcber zu informieren, zu welchem Zweck auf meiner Homepage personenbezogene Daten erhoben und verwendet werden, auf welche Art dies geschieht und welchen Umfang [&hellip;]<\/p>\n","protected":false},"author":1,"featured_media":0,"parent":6,"menu_order":0,"comment_status":"closed","ping_status":"closed","template":"","meta":{"footnotes":""},"_links":{"self":[{"href":"https:\/\/praxisgundheim.de\/home\/index.php?rest_route=\/wp\/v2\/pages\/37"}],"collection":[{"href":"https:\/\/praxisgundheim.de\/home\/index.php?rest_route=\/wp\/v2\/pages"}],"about":[{"href":"https:\/\/praxisgundheim.de\/home\/index.php?rest_route=\/wp\/v2\/types\/page"}],"author":[{"embeddable":true,"href":"https:\/\/praxisgundheim.de\/home\/index.php?rest_route=\/wp\/v2\/users\/1"}],"replies":[{"embeddable":true,"href":"https:\/\/praxisgundheim.de\/home\/index.php?rest_route=%2Fwp%2Fv2%2Fcomments&post=37"}],"version-history":[{"count":23,"href":"https:\/\/praxisgundheim.de\/home\/index.php?rest_route=\/wp\/v2\/pages\/37\/revisions"}],"predecessor-version":[{"id":111,"href":"https:\/\/praxisgundheim.de\/home\/index.php?rest_route=\/wp\/v2\/pages\/37\/revisions\/111"}],"up":[{"embeddable":true,"href":"https:\/\/praxisgundheim.de\/home\/index.php?rest_route=\/wp\/v2\/pages\/6"}],"wp:attachment":[{"href":"https:\/\/praxisgundheim.de\/home\/index.php?rest_route=%2Fwp%2Fv2%2Fmedia&parent=37"}],"curies":[{"name":"wp","href":"https:\/\/api.w.org\/{rel}","templated":true}]}}