{"id":3,"date":"2022-04-03T12:44:35","date_gmt":"2022-04-03T10:44:35","guid":{"rendered":"http:\/\/praxisgundheim.de\/?page_id=3"},"modified":"2022-04-23T08:36:39","modified_gmt":"2022-04-23T06:36:39","slug":"impressum","status":"publish","type":"page","link":"https:\/\/praxisgundheim.de\/home\/?page_id=3","title":{"rendered":"Impressum"},"content":{"rendered":"\n<h4 class=\"has-text-align-center wp-block-heading\">Websitebetreiber<\/h4>\n\n\n\n<p class=\"has-text-align-center\">Praxis Dr. Cernovski<\/p>\n\n\n\n<p class=\"has-text-align-center\">Inh<strong>.&nbsp;<\/strong>Dr. medic\/IMF Klausenburg Gabriela Cernovski<\/p>\n\n\n\n<p class=\"has-text-align-center\">Greifenklaustra\u00dfe 31<\/p>\n\n\n\n<p class=\"has-text-align-center\">67599 Gundheim<\/p>\n\n\n\n<p class=\"has-text-align-center\">Deutschland<\/p>\n\n\n\n<p class=\"has-text-align-center\">Rechtsform: Einzelpraxis<\/p>\n\n\n\n<h4 class=\"has-text-align-center wp-block-heading\">Kontaktm\u00f6glichkeiten<\/h4>\n\n\n\n<p class=\"has-text-align-center\">E-Mail-Adresse: praxis.cernovski@t-online.de<\/p>\n\n\n\n<p class=\"has-text-align-center\">Telefon: 06244\/907750<\/p>\n\n\n\n<p class=\"has-text-align-center\">Fax: 06244\/905073<\/p>\n\n\n\n<h4 class=\"has-text-align-center wp-block-heading\">Berufsbezeichnung<\/h4>\n\n\n\n<p class=\"has-text-align-center\">Gesetzliche Berufsbezeichnung:<\/p>\n\n\n\n<p class=\"has-text-align-center\">\u00c4rztin (gem\u00e4\u00df \u00a73 der Bundes\u00e4rzteordnung)<\/p>\n\n\n\n<p class=\"has-text-align-center\">Land in dem die Berufsbezeichnung verliehen wurde: Deutschland<\/p>\n\n\n\n<h4 class=\"has-text-align-center wp-block-heading\">Kammer<\/h4>\n\n\n\n<p class=\"has-text-align-center\">Zust\u00e4ndige \u00c4rztekammer als Aufsichtsbeh\u00f6rde:<\/p>\n\n\n\n<p class=\"has-text-align-center\">Bezirks\u00e4rztekammer Rheinhessen&nbsp;<\/p>\n\n\n\n<p class=\"has-text-align-center\"><a href=\"https:\/\/aerztekammer-mainz.de\/\">https:\/\/aerztekammer-mainz.de\/<\/a><\/p>\n\n\n\n<p class=\"has-text-align-center\">Zust\u00e4ndige Kassen\u00e4rztliche Vereinigung:<\/p>\n\n\n\n<p class=\"has-text-align-center\"><a>Kassen\u00e4rztliche Vereinigung Rheinland-Pfalz (KV RLP) &nbsp;<\/a><\/p>\n\n\n\n<p class=\"has-text-align-center\"><a href=\"https:\/\/www.kv-rlp.de\/\">https:\/\/www.kv-rlp.de\/<\/a><\/p>\n\n\n\n<p class=\"has-text-align-center\">Zust\u00e4ndige Landes\u00e4rzte Vereinigung:<\/p>\n\n\n\n<p class=\"has-text-align-center\">Die Landes\u00e4rztekammer Rheinland-Pfalz<\/p>\n\n\n\n<p class=\"has-text-align-center\"><a href=\"https:\/\/www.laek-rlp.de\/\">https:\/\/www.laek-rlp.de\/<\/a><\/p>\n\n\n\n<h4 class=\"has-text-align-center wp-block-heading\">Berufsrechtliche Regelungen<\/h4>\n\n\n\n<p class=\"has-text-align-center\">Berufsrechtliche Regelungen:<\/p>\n\n\n\n<p class=\"has-text-align-center\">Die Regelungen k\u00f6nnen \u00fcber die Landes\u00e4rztekammer Rheinland-Pfalz eingeschaut werden \u00fcber den folgenen Link: <\/p>\n\n\n\n<p class=\"has-text-align-center\"><a>https:\/\/aerztekammer-mainz.de\/pdf\/diverse\/Berufsordnung.pdf<\/a><\/p>\n\n\n\n<h4 class=\"has-text-align-center wp-block-heading\">Haftungs- und Urheberrechtshinweise<\/h4>\n\n\n\n<p class=\"has-text-align-center\"><strong class=\"privacy-policy-tutorial\">Hinweise auf Rechtsverst\u00f6\u00dfe: Sollten Sie innerhalb unseres Internetauftritts Rechtsverst\u00f6\u00dfe bemerken, bitten wir Sie uns auf diese hinzuweisen. Wir werden rechtswidrige Inhalte und Links nach Kenntnisnahme unverz\u00fcglich entfernen.<\/strong><\/p>\n","protected":false},"excerpt":{"rendered":"<p>Websitebetreiber Praxis Dr. Cernovski Inh.&nbsp;Dr. medic\/IMF Klausenburg Gabriela Cernovski Greifenklaustra\u00dfe 31 67599 Gundheim Deutschland Rechtsform: Einzelpraxis Kontaktm\u00f6glichkeiten E-Mail-Adresse: praxis.cernovski@t-online.de Telefon: 06244\/907750 Fax: 06244\/905073 Berufsbezeichnung Gesetzliche Berufsbezeichnung: \u00c4rztin (gem\u00e4\u00df \u00a73 der Bundes\u00e4rzteordnung) Land in dem die Berufsbezeichnung verliehen wurde: Deutschland Kammer Zust\u00e4ndige \u00c4rztekammer als Aufsichtsbeh\u00f6rde: Bezirks\u00e4rztekammer Rheinhessen&nbsp; https:\/\/aerztekammer-mainz.de\/ Zust\u00e4ndige Kassen\u00e4rztliche Vereinigung: Kassen\u00e4rztliche Vereinigung Rheinland-Pfalz (KV RLP) [&hellip;]<\/p>\n","protected":false},"author":1,"featured_media":0,"parent":6,"menu_order":0,"comment_status":"closed","ping_status":"closed","template":"","meta":{"footnotes":""},"_links":{"self":[{"href":"https:\/\/praxisgundheim.de\/home\/index.php?rest_route=\/wp\/v2\/pages\/3"}],"collection":[{"href":"https:\/\/praxisgundheim.de\/home\/index.php?rest_route=\/wp\/v2\/pages"}],"about":[{"href":"https:\/\/praxisgundheim.de\/home\/index.php?rest_route=\/wp\/v2\/types\/page"}],"author":[{"embeddable":true,"href":"https:\/\/praxisgundheim.de\/home\/index.php?rest_route=\/wp\/v2\/users\/1"}],"replies":[{"embeddable":true,"href":"https:\/\/praxisgundheim.de\/home\/index.php?rest_route=%2Fwp%2Fv2%2Fcomments&post=3"}],"version-history":[{"count":6,"href":"https:\/\/praxisgundheim.de\/home\/index.php?rest_route=\/wp\/v2\/pages\/3\/revisions"}],"predecessor-version":[{"id":81,"href":"https:\/\/praxisgundheim.de\/home\/index.php?rest_route=\/wp\/v2\/pages\/3\/revisions\/81"}],"up":[{"embeddable":true,"href":"https:\/\/praxisgundheim.de\/home\/index.php?rest_route=\/wp\/v2\/pages\/6"}],"wp:attachment":[{"href":"https:\/\/praxisgundheim.de\/home\/index.php?rest_route=%2Fwp%2Fv2%2Fmedia&parent=3"}],"curies":[{"name":"wp","href":"https:\/\/api.w.org\/{rel}","templated":true}]}}