{"id":275,"date":"2023-10-12T18:30:36","date_gmt":"2023-10-12T16:30:36","guid":{"rendered":"http:\/\/praxisgundheim.de\/home\/?page_id=275"},"modified":"2023-10-12T18:30:41","modified_gmt":"2023-10-12T16:30:41","slug":"rueckruf","status":"publish","type":"page","link":"https:\/\/praxisgundheim.de\/home\/?page_id=275","title":{"rendered":"R\u00fcckruf"},"content":{"rendered":"<div id=\"sp-page\" class=\"spBgfull sp-content-1\" style=\"background-color: rgb(255, 255, 255); font-family: Inter, sans-serif; font-weight: 400;\">\n<section id=\"sp-whzd4t7ldl59\" data-mobile-visibility=\"#sp-whzd4t7ldl59|false\" data-desktop-visibility=\"#sp-whzd4t7ldl59|false\" data-mobile-css=\"\" class=\"sp-el-section  spBgcoverscroll\" style=\"position: relative; background-image: linear-gradient(0deg, rgba(0, 0, 0, 0), rgba(0, 0, 0, 0)), url('http:\/\/praxisgundheim.de\/wp-content\/uploads\/2022\/04\/MedicalBanner.jpg'); background-color: rgb(242, 241, 239); width: 100%; max-width: 100%; padding: 0px;\">\n<div id=\"sp-kghgt1\" data-mobile-visibility=\"#sp-kghgt1|false\" data-desktop-visibility=\"#sp-kghgt1|false\" data-mobile-css=\"\" class=\"sp-el-row sm:sp-flex sp-w-full  sp-m-auto sp-justify-between\" style=\"width: auto; max-width: 940px;\">\n<div id=\"sp-l3it03\" data-mobile-visibility=\"#sp-l3it03|false\" data-desktop-visibility=\"#sp-l3it03|false\" data-mobile-css=\"\" class=\"sp-el-col  sp-w-full\" style=\"width: calc(33.3333% - 3px);\">\n<div id=\"sp-button-parent-wyeesz\" data-mobile-css=\"#sp-button-parent-wyeesz|text-align:center;\" class=\"sp-button-wrapper sp-el-block\" style=\"margin: 0px; text-align: center;\"><a href=\"https:\/\/maps.app.goo.gl\/U3oaxptnvtn3TJjH7\" id=\"sp-wyeesz\" data-mobile-css=\"\" data-mobile-visibility=\".sp-button-wyeesz|false\" data-desktop-visibility=\".sp-button-wyeesz|false\" target=\"_blank\" rel=\"noopener\" class=\"sp-button sp-css-target sp-text-center sp-inline-block sp-leading-none sp-button-wyeesz\" style=\"text-shadow: rgba(0, 0, 0, 0.5) 1px 1px 3px; font-size: 18px; background: rgb(30, 136, 229); color: rgb(255, 255, 255); width: auto; padding: 12px 16px; border-radius: 4px;\"><i class=\"sp-mr-2 fas fa-map-marked-alt\"><\/i><span>Greifenklaustr. 31<\/span><\/a><\/div>\n<\/div>\n<div id=\"sp-hz4b3e\" data-mobile-visibility=\"#sp-hz4b3e|false\" data-desktop-visibility=\"#sp-hz4b3e|false\" data-mobile-css=\"\" class=\"sp-el-col  sp-w-full\" style=\"width: calc(33.3333% - 3px);\">\n<div id=\"sp-button-parent-b65ms2\" data-mobile-css=\"#sp-button-parent-b65ms2|text-align:center;\" class=\"sp-button-wrapper sp-el-block\" style=\"margin: 0px; text-align: center;\"><a href=\"mailto:praxis.cernovski@t-online.de\" id=\"sp-b65ms2\" data-mobile-css=\"\" data-mobile-visibility=\".sp-button-b65ms2|false\" data-desktop-visibility=\".sp-button-b65ms2|false\" target=\"_blank\" rel=\"noopener\" class=\"sp-button sp-css-target sp-text-center sp-inline-block sp-leading-none sp-button-b65ms2\" style=\"text-shadow: rgba(0, 0, 0, 0.5) 1px 1px 3px; font-size: 18px; background: rgb(30, 136, 229); color: rgb(255, 255, 255); width: auto; padding: 12px 16px; border-radius: 4px;\"><i class=\"sp-mr-2 fas fa-envelope\"><\/i><span>Kontakt<\/span><\/a><\/div>\n<\/div>\n<div id=\"sp-zm54h3\" data-mobile-visibility=\"#sp-zm54h3|false\" data-desktop-visibility=\"#sp-zm54h3|false\" data-mobile-css=\"\" class=\"sp-el-col  sp-w-full\" style=\"width: calc(33.3333% - 3px);\">\n<div id=\"sp-button-parent-soqmy8\" data-mobile-css=\"#sp-button-parent-soqmy8|text-align:center;\" class=\"sp-button-wrapper sp-el-block\" style=\"margin: 0px; text-align: center;\"><a href=\"tel:+496244905072\" id=\"sp-soqmy8\" data-mobile-css=\"\" data-mobile-visibility=\".sp-button-soqmy8|false\" data-desktop-visibility=\".sp-button-soqmy8|false\" target=\"\" rel=\"noopener\" class=\"sp-button sp-css-target sp-text-center sp-inline-block sp-leading-none sp-button-soqmy8\" style=\"text-shadow: rgba(0, 0, 0, 0.5) 1px 1px 3px; font-size: 18px; background: rgb(30, 136, 229); color: rgb(255, 255, 255); width: auto; padding: 12px 16px; border-radius: 4px;\"><i class=\"sp-mr-2 fas fa-phone-alt\"><\/i><span>06244\/905072<\/span><\/a><\/div>\n<\/div>\n<\/div>\n<div id=\"sp-b11h6uppgumco\" data-mobile-visibility=\"#sp-b11h6uppgumco|false\" data-desktop-visibility=\"#sp-b11h6uppgumco|false\" data-mobile-css=\"\" class=\"sp-el-row sm:sp-flex sp-w-full  sp-m-auto spBgcontainscroll sp-justify-between\" style=\"padding: 0px; background-image: linear-gradient(0deg, rgba(0, 0, 0, 0), rgba(0, 0, 0, 0)), url('http:\/\/praxisgundheim.de\/wp-content\/uploads\/2023\/10\/Wappen_von_Gundheim-removebg-preview.png'); background-color: rgba(0, 0, 0, 0); width: auto; max-width: 850px;\">\n<div id=\"sp-ezounguzatwo\" data-mobile-visibility=\"#sp-ezounguzatwo|false\" data-desktop-visibility=\"#sp-ezounguzatwo|false\" data-mobile-css=\"\" class=\"sp-el-col  spBgcover sp-w-full\" style=\"width: calc(100% - 0px);\">\n<style type=\"text\/css\">\n      #sp-ezounguzatwo .sp-col-top .seedprod-shape-fill {fill: undefined;} #sp-ezounguzatwo .sp-col-top svg {width: undefined%;height: undefinedpx;transform: translateX(-50%);} #sp-ezounguzatwo .sp-col-bottom .seedprod-shape-fill {fill: undefined;} #sp-ezounguzatwo .sp-col-bottom svg {width: undefined%;height: undefinedpx;transform: translateX(-50%);}\n    <\/style>\n<div class=\"sp-col-shape sp-col-top\" style=\"z-index: 0;\">\n<div><\/div>\n<\/div>\n<div class=\"sp-col-shape sp-col-bottom\" style=\"z-index: 0;\">\n<div><\/div>\n<\/div>\n<div id=\"sp-nvl6h56pokj8\" data-mobile-css=\"#sp-nvl6h56pokj8|height:10px;\" class=\"sp-spacer\" style=\"height: 0px;\"><\/div>\n<div id=\"sp-sxbr9q\" data-mobile-css=\"#sp-sxbr9q|height:10px;\" class=\"sp-spacer\" style=\"height: 176px;\"><\/div>\n<\/div>\n<\/div>\n<div id=\"sp-kacp1i\" data-mobile-visibility=\"#sp-kacp1i|false\" data-desktop-visibility=\"#sp-kacp1i|false\" data-mobile-css=\"\" class=\"sp-el-row sm:sp-flex sp-w-full  sp-m-auto sp-justify-between\">\n<div id=\"sp-ymes5x\" data-mobile-visibility=\"#sp-ymes5x|false\" data-desktop-visibility=\"#sp-ymes5x|false\" data-mobile-css=\"\" class=\"sp-el-col  sp-w-full\" style=\"width: calc(100% - 0px);\">\n<h3 id=\"sp-pqu6yw\" data-mobile-css=\".sp-headline-block-pqu6yw, #sp-pqu6yw, #pqu6yw|text-align:center;\" data-mobile-visibility=\".sp-headline-block-pqu6yw|false\" data-desktop-visibility=\".sp-headline-block-pqu6yw|false\" class=\"sp-css-target sp-el-block sp-headline-block-pqu6yw sp-type-header\" style=\"font-size: 60px; color: rgb(255, 255, 255); text-shadow: rgba(0, 0, 0, 0.5) 1px 1px 3px; text-align: center; padding: 0px; margin: 0px;\">Online R\u00fcckruf Formular<\/h3>\n<\/div>\n<\/div>\n<div id=\"sp-ziludbz8q53j\" data-mobile-visibility=\"#sp-ziludbz8q53j|false\" data-desktop-visibility=\"#sp-ziludbz8q53j|false\" data-mobile-css=\"\" class=\"sp-el-row sm:sp-flex sp-w-full  sp-m-auto spBgcover sp-justify-between\" style=\"padding: 0px; width: auto; max-width: 1000px;\">\n<div id=\"sp-azf0dexkeszs\" data-mobile-visibility=\"#sp-azf0dexkeszs|false\" data-desktop-visibility=\"#sp-azf0dexkeszs|false\" data-mobile-css=\"\" class=\"sp-el-col  spBgcover sp-w-full\" style=\"width: calc(100% - 0px);\">\n<style type=\"text\/css\">\n      #sp-azf0dexkeszs .sp-col-top .seedprod-shape-fill {fill: undefined;} #sp-azf0dexkeszs .sp-col-top svg {width: undefined%;height: undefinedpx;transform: translateX(-50%);} #sp-azf0dexkeszs .sp-col-bottom .seedprod-shape-fill {fill: undefined;} #sp-azf0dexkeszs .sp-col-bottom svg {width: undefined%;height: undefinedpx;transform: translateX(-50%);}\n    <\/style>\n<div class=\"sp-col-shape sp-col-top\" style=\"z-index: 0;\">\n<div><\/div>\n<\/div>\n<div class=\"sp-col-shape sp-col-bottom\" style=\"z-index: 0;\">\n<div><\/div>\n<\/div>\n<div id=\"sp-qrf8arlrzcep\" data-mobile-css=\"#sp-qrf8arlrzcep|height:10px;\" class=\"sp-spacer\" style=\"height: 56px;\"><\/div>\n<\/div>\n<\/div>\n<\/section>\n<section id=\"sp-xvhssrvns5v\" data-mobile-visibility=\"#sp-xvhssrvns5v|false\" data-desktop-visibility=\"#sp-xvhssrvns5v|false\" data-mobile-css=\"\" class=\"sp-el-section  spBgcover\" style=\"background-image: linear-gradient(rgb(255, 255, 255) 50%, rgb(204, 204, 204) 100%); width: 100%; max-width: 100%; padding: 10px;\">\n<div id=\"sp-gesnuoho4phd\" data-mobile-visibility=\"#sp-gesnuoho4phd|false\" data-desktop-visibility=\"#sp-gesnuoho4phd|false\" data-mobile-css=\"\" class=\"sp-el-row sm:sp-flex sp-w-full  sp-m-auto spBgcover sp-justify-between\" style=\"padding: 0px; width: auto; max-width: 1000px;\">\n<div id=\"sp-lgtr0q2q7ws\" data-mobile-visibility=\"#sp-lgtr0q2q7ws|false\" data-desktop-visibility=\"#sp-lgtr0q2q7ws|false\" data-mobile-css=\"\" class=\"sp-el-col  spBgcover sp-w-full\" style=\"width: calc(100% - 0px);\">\n<style type=\"text\/css\">\n      #sp-lgtr0q2q7ws .sp-col-top .seedprod-shape-fill {fill: undefined;} #sp-lgtr0q2q7ws .sp-col-top svg {width: undefined%;height: undefinedpx;transform: translateX(-50%);} #sp-lgtr0q2q7ws .sp-col-bottom .seedprod-shape-fill {fill: undefined;} #sp-lgtr0q2q7ws .sp-col-bottom svg {width: undefined%;height: undefinedpx;transform: translateX(-50%);}\n    <\/style>\n<div class=\"sp-col-shape sp-col-top\" style=\"z-index: 0;\">\n<div><\/div>\n<\/div>\n<div class=\"sp-col-shape sp-col-bottom\" style=\"z-index: 0;\">\n<div><\/div>\n<\/div>\n<div id=\"sp-fyuhdk\" data-mobile-css=\".sp-text-wrapper-fyuhdk, #sp-fyuhdk, #fyuhdk|text-align:left;\" data-mobile-visibility=\".sp-text-wrapper-fyuhdk|false\" data-desktop-visibility=\".sp-text-wrapper-fyuhdk|false\" class=\"sp-css-target sp-text-wrapper sp-el-block sp-text-wrapper-fyuhdk\" style=\"margin: 0px; text-align: center;\">\n<p>Da unsere Telefonanschluss st\u00e4ndig \u00fcberlastet ist, bieten wir unseren Patienten die M\u00f6glichkeit, sich f\u00fcr einen R\u00fcckruf einzutragen. Bitte haben Sie Verst\u00e4ndnis und Geduld, da es manchmal etwas l\u00e4nger dauern kann, bis ein R\u00fcckruf erfolgt. Mehrfache Anfragen werden ignoriert.<\/p>\n<\/div>\n<div id=\"sp-w8jru6\" data-mobile-css=\"\" data-mobile-visibility=\".sp-form-block-w8jru6|false\" data-desktop-visibility=\".sp-form-block-w8jru6|false\" class=\"sp-form-wrapper sp-el-block sp-has-form sp-form-block-w8jru6\" style=\"margin: 0px; text-align: left;\">\n<div>\n<div class=\"\">\n      <div class=\"wpforms-container wpforms-container-full wpforms-render-modern\" id=\"wpforms-267\"><form id=\"wpforms-form-267\" class=\"wpforms-validate wpforms-form wpforms-ajax-form\" data-formid=\"267\" method=\"post\" enctype=\"multipart\/form-data\" action=\"\/home\/index.php?rest_route=%2Fwp%2Fv2%2Fpages%2F275\" data-token=\"b5535e87ed097d2c9e40486510c7f8f5\"><noscript class=\"wpforms-error-noscript\">Bitte aktiviere JavaScript in deinem Browser, um dieses Formular fertigzustellen.<\/noscript><div class=\"wpforms-hidden\" id=\"wpforms-error-noscript\">Bitte aktiviere JavaScript in deinem Browser, um dieses Formular fertigzustellen.<\/div><div class=\"wpforms-page-indicator progress\" data-indicator=\"progress\" data-indicator-color=\"#066aab\" data-scroll=\"1\" role=\"progressbar\" aria-valuenow=\"1\" aria-valuemin=\"1\" aria-valuemax=\"2\" tabindex=\"-1\"><span class=\"wpforms-page-indicator-page-title\" ><\/span><span class=\"wpforms-page-indicator-page-title-sep\" style=\"display:none;\"> - <\/span><span class=\"wpforms-page-indicator-steps\">Schritt <span class=\"wpforms-page-indicator-steps-current\">1<\/span> von 2<\/span><div class=\"wpforms-page-indicator-page-progress-wrap\"><div class=\"wpforms-page-indicator-page-progress\" style=\"width:50%;background-color:#066aab\"><\/div><\/div><\/div><div class=\"wpforms-field-container\"><div class=\"wpforms-page wpforms-page-1 \" data-page=\"1\"><div id=\"wpforms-267-field_6-container\" class=\"wpforms-field wpforms-field-pagebreak\" data-field-id=\"6\"><\/div><div id=\"wpforms-267-field_1-container\" class=\"wpforms-field wpforms-field-name\" data-field-id=\"1\"><fieldset><legend class=\"wpforms-field-label\">Patienten Name: <span class=\"wpforms-required-label\" aria-hidden=\"true\">*<\/span><\/legend><div class=\"wpforms-field-row wpforms-field-medium\"><div class=\"wpforms-field-row-block wpforms-first wpforms-one-half\"><input type=\"text\" id=\"wpforms-267-field_1\" class=\"wpforms-field-name-first wpforms-field-required\" name=\"wpforms[fields][1][first]\" aria-errormessage=\"wpforms-267-field_1-error\" aria-describedby=\"wpforms-267-field_1-description\" required><label for=\"wpforms-267-field_1\" class=\"wpforms-field-sublabel after \">Vorname<\/label><\/div><div class=\"wpforms-field-row-block wpforms-one-half\"><input type=\"text\" id=\"wpforms-267-field_1-last\" class=\"wpforms-field-name-last wpforms-field-required\" name=\"wpforms[fields][1][last]\" aria-errormessage=\"wpforms-267-field_1-last-error\" aria-describedby=\"wpforms-267-field_1-description\" required><label for=\"wpforms-267-field_1-last\" class=\"wpforms-field-sublabel after \">Nachname<\/label><\/div><\/div><div id=\"wpforms-267-field_1-description\" class=\"wpforms-field-description\">Bitte geben Sie hier Ihren Vor- und Nachnamen ein, wie er auf Ihrer Krankenversichertenkarte aufgef\u00fchrt ist.<\/div><\/fieldset><\/div><div id=\"wpforms-267-field_2-container\" class=\"wpforms-field wpforms-field-phone\" data-field-id=\"2\"><label class=\"wpforms-field-label\" for=\"wpforms-267-field_2\">Telefonnummer <span class=\"wpforms-required-label\" aria-hidden=\"true\">*<\/span><\/label><input type=\"tel\" id=\"wpforms-267-field_2\" class=\"wpforms-field-medium wpforms-field-required wpforms-smart-phone-field\" data-rule-smart-phone-field=\"true\" name=\"wpforms[fields][2]\" aria-errormessage=\"wpforms-267-field_2-error\" required><\/div><div id=\"wpforms-267-field_3-container\" class=\"wpforms-field wpforms-field-radio\" data-field-id=\"3\"><fieldset><legend class=\"wpforms-field-label\">Grund f\u00fcr den R\u00fcckruf: <span class=\"wpforms-required-label\" aria-hidden=\"true\">*<\/span><\/legend><ul id=\"wpforms-267-field_3\" class=\"wpforms-field-required\"><li class=\"choice-2 depth-1\"><input type=\"radio\" id=\"wpforms-267-field_3_2\" name=\"wpforms[fields][3]\" value=\"Informationen\" aria-errormessage=\"wpforms-267-field_3_2-error\" required ><label class=\"wpforms-field-label-inline\" for=\"wpforms-267-field_3_2\">Informationen<\/label><\/li><li class=\"choice-1 depth-1\"><input type=\"radio\" id=\"wpforms-267-field_3_1\" name=\"wpforms[fields][3]\" value=\"Dringend\/Notfall\" aria-errormessage=\"wpforms-267-field_3_1-error\" required ><label class=\"wpforms-field-label-inline\" for=\"wpforms-267-field_3_1\">Dringend\/Notfall<\/label><\/li><li class=\"choice-5 depth-1\"><input type=\"radio\" id=\"wpforms-267-field_3_5\" name=\"wpforms[fields][3]\" value=\"Laborbesprechung\" aria-errormessage=\"wpforms-267-field_3_5-error\" required ><label class=\"wpforms-field-label-inline\" for=\"wpforms-267-field_3_5\">Laborbesprechung<\/label><\/li><li class=\"choice-6 depth-1\"><input type=\"radio\" id=\"wpforms-267-field_3_6\" name=\"wpforms[fields][3]\" value=\"Reklamation\" aria-errormessage=\"wpforms-267-field_3_6-error\" required ><label class=\"wpforms-field-label-inline\" for=\"wpforms-267-field_3_6\">Reklamation<\/label><\/li><\/ul><\/fieldset><\/div><div id=\"wpforms-267-field_4-container\" class=\"wpforms-field wpforms-field-textarea\" data-field-id=\"4\"><label class=\"wpforms-field-label\" for=\"wpforms-267-field_4\">Kurze Begr\u00fcndung f\u00fcr den R\u00fcckruf:<\/label><textarea id=\"wpforms-267-field_4\" class=\"wpforms-field-medium\" name=\"wpforms[fields][4]\" aria-errormessage=\"wpforms-267-field_4-error\" aria-describedby=\"wpforms-267-field_4-description\" ><\/textarea><div id=\"wpforms-267-field_4-description\" class=\"wpforms-field-description\">Bitte beschreiben Sie kurz, worum es sich bei Ihrem Anliegen handelt.<\/div><\/div><div id=\"wpforms-267-field_5-container\" class=\"wpforms-field wpforms-field-pagebreak\" data-field-id=\"5\"><div class=\"wpforms-clear wpforms-pagebreak-left\"><button class=\"wpforms-page-button wpforms-page-next wpforms-disabled\"\n\t\t\t\t\tdata-action=\"next\" data-page=\"1\" data-formid=\"267\" aria-disabled=\"true\" aria-describedby=\"wpforms-error-noscript\">Weiter<\/button><\/div><\/div><\/div><div class=\"wpforms-page wpforms-page-2 last \" data-page=\"2\" style=\"display:none;\"><div id=\"wpforms-267-field_8-container\" class=\"wpforms-field wpforms-field-entry-preview\" data-field-id=\"8\"><div class=\"wpforms-entry-preview-updating-message\">Vorschau aktualisieren...<\/div><div class=\"wpforms-entry-preview-notice\" style=\"display: none;\"><strong>Dies ist eine Vorschau deiner \u00dcbermittlung. Sie ist noch nicht eingereicht worden!<\/strong><br \/>\r\nBitte nimm dir einen Moment Zeit, um deine Angaben zu \u00fcberpr\u00fcfen. Du kannst auch zur\u00fcckgehen, um \u00c4nderungen vorzunehmen.<\/div><div class=\"wpforms-entry-preview-wrapper\" style=\"display: none;\"><\/div><\/div><div id=\"wpforms-267-field_7-container\" class=\"wpforms-field wpforms-field-pagebreak\" data-field-id=\"7\"><div class=\"wpforms-clear wpforms-pagebreak-left\"><button class=\"wpforms-page-button wpforms-page-prev wpforms-disabled\"\n\t\t\t\t\tdata-action=\"prev\" data-page=\"2\" data-formid=\"267\" aria-disabled=\"true\" aria-describedby=\"wpforms-error-noscript\">Zur\u00fcck<\/button><\/div><\/div><\/div><\/div><!-- .wpforms-field-container --><div class=\"wpforms-recaptcha-container wpforms-is-turnstile\" style=\"display:none;\"><div class=\"g-recaptcha\" data-sitekey=\"0x4AAAAAAALieS_2pHmqQXvB\" data-action=\"FormID-267\"><\/div><input type=\"text\" name=\"g-recaptcha-hidden\" class=\"wpforms-recaptcha-hidden\" style=\"position:absolute!important;clip:rect(0,0,0,0)!important;height:1px!important;width:1px!important;border:0!important;overflow:hidden!important;padding:0!important;margin:0!important;\" data-rule-turnstile=\"1\"><\/div><div class=\"wpforms-submit-container\" style=\"display:none;\"><input type=\"hidden\" name=\"wpforms[id]\" value=\"267\"><input type=\"hidden\" name=\"wpforms[author]\" value=\"1\"><button type=\"submit\" name=\"wpforms[submit]\" id=\"wpforms-submit-267\" class=\"wpforms-submit\" data-alt-text=\"Senden\u2026\" data-submit-text=\"Absenden\" aria-live=\"assertive\" value=\"wpforms-submit\">Absenden<\/button><img src=\"https:\/\/praxisgundheim.de\/wp-content\/plugins\/wpforms\/assets\/images\/submit-spin.svg\" class=\"wpforms-submit-spinner\" style=\"display: none;\" width=\"26\" height=\"26\" alt=\"Wird geladen\"><\/div><\/form><\/div>  <!-- .wpforms-container -->\n    <\/div>\n<\/div>\n<\/div>\n<\/div>\n<\/div>\n<div id=\"sp-ydqm1b\" data-mobile-visibility=\"#sp-ydqm1b|false\" data-desktop-visibility=\"#sp-ydqm1b|false\" data-mobile-css=\"\" class=\"sp-el-row sm:sp-flex sp-w-full  sp-m-auto sp-justify-between\">\n<div id=\"sp-ocb1tr\" data-mobile-visibility=\"#sp-ocb1tr|false\" data-desktop-visibility=\"#sp-ocb1tr|false\" data-mobile-css=\"\" class=\"sp-el-col  sp-w-full\" style=\"width: calc(100% - 0px);\">\n<div id=\"sp-txerot\" data-mobile-css=\"#sp-txerot|height:10px;\" class=\"sp-spacer\" style=\"height: 60px;\"><\/div>\n<\/div>\n<\/div>\n<\/section>\n<section id=\"sp-hmbmen3fx34\" data-mobile-visibility=\"#sp-hmbmen3fx34|false\" data-desktop-visibility=\"#sp-hmbmen3fx34|false\" data-mobile-css=\"\" class=\"sp-el-section  spBgcover\" style=\"background-color: rgb(204, 204, 204); width: 100%; max-width: 100%; padding: 10px;\">\n<div id=\"sp-xoqptg\" data-mobile-visibility=\"#sp-xoqptg|false\" data-desktop-visibility=\"#sp-xoqptg|false\" data-mobile-css=\"\" class=\"sp-el-row sm:sp-flex sp-w-full  sp-m-auto sp-flex-row sp-justify-center sp-items-center\">\n<div id=\"sp-x4emcb\" data-mobile-visibility=\"#sp-x4emcb|false\" data-desktop-visibility=\"#sp-x4emcb|false\" data-mobile-css=\"\" class=\"sp-el-col  sp-w-full\" style=\"width: calc(33.3333% - 0px);\">\n<style type=\"text\/css\">\n      #sp-x4emcb .sp-col-top .seedprod-shape-fill {fill: undefined;} #sp-x4emcb .sp-col-top svg {width: undefined%;height: undefinedpx;transform: translateX(-50%);} #sp-x4emcb .sp-col-bottom .seedprod-shape-fill {fill: undefined;} #sp-x4emcb .sp-col-bottom svg {width: undefined%;height: undefinedpx;transform: translateX(-50%);}\n    <\/style>\n<div class=\"sp-col-shape sp-col-top\" style=\"z-index: 0;\">\n<div><\/div>\n<\/div>\n<div class=\"sp-col-shape sp-col-bottom\" style=\"z-index: 0;\">\n<div><\/div>\n<\/div>\n<div id=\"sp-ci3mf4\" data-mobile-css=\".sp-text-wrapper-ci3mf4, #sp-ci3mf4, #ci3mf4|text-align:left;\" data-mobile-visibility=\".sp-text-wrapper-ci3mf4|false\" data-desktop-visibility=\".sp-text-wrapper-ci3mf4|false\" class=\"sp-css-target sp-text-wrapper sp-el-block sp-text-wrapper-ci3mf4\" style=\"font-size: 12px; margin: 0px; text-align: center;\">\n<p>Copyright \u00a9 Praxis Dr. Cernovski<\/p>\n<p><span class=\"color_11\">67599 Gundheim Greifenklaustr. 31<\/span><\/p>\n<p><span class=\"color_11\"><a>Tel: +49 6244\/905072<\/a><\/span><\/p>\n<\/div>\n<\/div>\n<div id=\"sp-wqbe8a\" data-mobile-visibility=\"#sp-wqbe8a|false\" data-desktop-visibility=\"#sp-wqbe8a|false\" data-mobile-css=\"\" class=\"sp-el-col  sp-w-full\" style=\"width: calc(33.3333% - 0px);\">\n<style type=\"text\/css\">\n      #sp-wqbe8a .sp-col-top .seedprod-shape-fill {fill: undefined;} #sp-wqbe8a .sp-col-top svg {width: undefined%;height: undefinedpx;transform: translateX(-50%);} #sp-wqbe8a .sp-col-bottom .seedprod-shape-fill {fill: undefined;} #sp-wqbe8a .sp-col-bottom svg {width: undefined%;height: undefinedpx;transform: translateX(-50%);}\n    <\/style>\n<div class=\"sp-col-shape sp-col-top\" style=\"z-index: 0;\">\n<div><\/div>\n<\/div>\n<div class=\"sp-col-shape sp-col-bottom\" style=\"z-index: 0;\">\n<div><\/div>\n<\/div>\n<div id=\"sp-button-parent-bo5ckh\" data-mobile-css=\"#sp-button-parent-bo5ckh|text-align:center;\" class=\"sp-button-wrapper sp-el-block\" style=\"margin: 0px; text-align: center;\"><a href=\"https:\/\/praxisgundheim.de\/home\/?page_id=37\" id=\"sp-bo5ckh\" data-mobile-css=\"\" data-mobile-visibility=\".sp-button-bo5ckh|false\" data-desktop-visibility=\".sp-button-bo5ckh|false\" target=\"\" rel=\"noopener\" class=\"sp-button sp-css-target sp-text-center sp-inline-block sp-leading-none sp-button-bo5ckh\" style=\"font-size: 15px; background: rgb(30, 136, 229); color: rgb(255, 255, 255); width: auto; padding: 8px 12px; border-radius: 4px;\"><span>Datenschutzerkl\u00e4rung<\/span><\/a><\/div>\n<\/div>\n<div id=\"sp-yq1vyx\" data-mobile-visibility=\"#sp-yq1vyx|false\" data-desktop-visibility=\"#sp-yq1vyx|false\" data-mobile-css=\"\" class=\"sp-el-col  sp-w-full\" style=\"width: calc(33.3333% - 0px);\">\n<style type=\"text\/css\">\n      #sp-yq1vyx .sp-col-top .seedprod-shape-fill {fill: undefined;} #sp-yq1vyx .sp-col-top svg {width: undefined%;height: undefinedpx;transform: translateX(-50%);} #sp-yq1vyx .sp-col-bottom .seedprod-shape-fill {fill: undefined;} #sp-yq1vyx .sp-col-bottom svg {width: undefined%;height: undefinedpx;transform: translateX(-50%);}\n    <\/style>\n<div class=\"sp-col-shape sp-col-top\" style=\"z-index: 0;\">\n<div><\/div>\n<\/div>\n<div class=\"sp-col-shape sp-col-bottom\" style=\"z-index: 0;\">\n<div><\/div>\n<\/div>\n<div id=\"sp-button-parent-jl9ggw\" data-mobile-css=\"#sp-button-parent-jl9ggw|text-align:center;\" class=\"sp-button-wrapper sp-el-block\" style=\"margin: 0px; text-align: center;\"><a href=\"https:\/\/praxisgundheim.de\/home\/?page_id=3\" id=\"sp-jl9ggw\" data-mobile-css=\"\" data-mobile-visibility=\".sp-button-jl9ggw|false\" data-desktop-visibility=\".sp-button-jl9ggw|false\" target=\"\" rel=\"noopener\" class=\"sp-button sp-css-target sp-text-center sp-inline-block sp-leading-none sp-button-jl9ggw\" style=\"font-size: 15px; background: rgb(30, 136, 229); color: rgb(255, 255, 255); width: auto; padding: 8px 12px; border-radius: 4px;\"><span>Impressum<\/span><\/a><\/div>\n<\/div>\n<\/div>\n<\/section>\n<\/div>\n","protected":false},"excerpt":{"rendered":"<p>Greifenklaustr. 31 Kontakt 06244\/905072 Online R\u00fcckruf Formular Da unsere Telefonanschluss st\u00e4ndig \u00fcberlastet ist, bieten wir unseren Patienten die M\u00f6glichkeit, sich f\u00fcr einen R\u00fcckruf einzutragen. Bitte haben Sie Verst\u00e4ndnis und Geduld, da es manchmal etwas l\u00e4nger dauern kann, bis ein R\u00fcckruf erfolgt. Mehrfache Anfragen werden ignoriert. Copyright \u00a9 Praxis Dr. Cernovski 67599 Gundheim Greifenklaustr. 31 Tel: [&hellip;]<\/p>\n","protected":false},"author":1,"featured_media":0,"parent":0,"menu_order":0,"comment_status":"closed","ping_status":"closed","template":"","meta":{"footnotes":""},"_links":{"self":[{"href":"https:\/\/praxisgundheim.de\/home\/index.php?rest_route=\/wp\/v2\/pages\/275"}],"collection":[{"href":"https:\/\/praxisgundheim.de\/home\/index.php?rest_route=\/wp\/v2\/pages"}],"about":[{"href":"https:\/\/praxisgundheim.de\/home\/index.php?rest_route=\/wp\/v2\/types\/page"}],"author":[{"embeddable":true,"href":"https:\/\/praxisgundheim.de\/home\/index.php?rest_route=\/wp\/v2\/users\/1"}],"replies":[{"embeddable":true,"href":"https:\/\/praxisgundheim.de\/home\/index.php?rest_route=%2Fwp%2Fv2%2Fcomments&post=275"}],"version-history":[{"count":4,"href":"https:\/\/praxisgundheim.de\/home\/index.php?rest_route=\/wp\/v2\/pages\/275\/revisions"}],"predecessor-version":[{"id":279,"href":"https:\/\/praxisgundheim.de\/home\/index.php?rest_route=\/wp\/v2\/pages\/275\/revisions\/279"}],"wp:attachment":[{"href":"https:\/\/praxisgundheim.de\/home\/index.php?rest_route=%2Fwp%2Fv2%2Fmedia&parent=275"}],"curies":[{"name":"wp","href":"https:\/\/api.w.org\/{rel}","templated":true}]}}